{"id":10,"date":"2023-07-24T10:11:34","date_gmt":"2023-07-24T08:11:34","guid":{"rendered":"https:\/\/www.silkapple.it\/?page_id=10"},"modified":"2025-04-04T18:19:39","modified_gmt":"2025-04-04T16:19:39","slug":"homepage","status":"publish","type":"page","link":"https:\/\/www.silkapple.it\/de\/","title":{"rendered":"Homepage"},"content":{"rendered":"","protected":false},"excerpt":{"rendered":"","protected":false},"author":1,"featured_media":0,"parent":0,"menu_order":1,"comment_status":"closed","ping_status":"closed","template":"","meta":[],"class_list":["post-10","page","type-page","status-publish","hentry"],"grid":"{\r\n  \"colCount\": 12,\r\n  \"colGutter\": 1,\r\n  \"rowGutters\": [\r\n    2,\r\n    5,\r\n    1,\r\n    5,\r\n    1,\r\n    5,\r\n    1,\r\n    5,\r\n    1,\r\n    5,\r\n    5,\r\n    5\r\n  ],\r\n  \"frameMargin\": 5,\r\n  \"leftFrameMargin\": 5,\r\n  \"rightFrameMargin\": 5,\r\n  \"topFrameMargin\": 40,\r\n  \"mus\": {\r\n    \"colGutterMu\": \"%\",\r\n    \"rowGutterMu\": \"%\",\r\n    \"topFrameMu\": \"px\",\r\n    \"bottomFrameMu\": \"%\",\r\n    \"frameMu\": \"%\"\r\n  },\r\n  \"bottomFrameMargin\": 5,\r\n  \"rowAttrs\": [\r\n    {\r\n      \"relid\": 3\r\n    },\r\n    {\r\n      \"relid\": 1\r\n    },\r\n    {\r\n      \"relid\": 9\r\n    },\r\n    {\r\n      \"relid\": 12\r\n    },\r\n    {\r\n      \"relid\": 14\r\n    },\r\n    {\r\n      \"relid\": 15\r\n    },\r\n    {\r\n      \"relid\": 18\r\n    },\r\n    {\r\n      \"relid\": 19\r\n    },\r\n    {\r\n      \"relid\": 22\r\n    },\r\n    {\r\n      \"relid\": 23\r\n    },\r\n    {\r\n      \"relid\": 5\r\n    },\r\n    {\r\n      \"relid\": 11\r\n    },\r\n    {\r\n      \"relid\": 37\r\n    }\r\n  ],\r\n  \"bgColor\": null,\r\n  \"bgImage\": null,\r\n  \"cont\": [\r\n    {\r\n      \"type\": \"html5video\",\r\n      \"cont\": null,\r\n      \"align\": \"top\",\r\n      \"row\": 0,\r\n      \"col\": 0,\r\n      \"colspan\": 12,\r\n      \"offsetx\": 0,\r\n      \"offsety\": 0,\r\n      \"spaceabove\": 0,\r\n      \"spacebelow\": 0,\r\n      \"yvel\": 1,\r\n      \"push\": 0,\r\n      \"relid\": 4,\r\n      \"autoplay\": true,\r\n      \"loop\": true,\r\n      \"mute\": true,\r\n      \"muteDisabled\": \"disabled\",\r\n      \"controls\": false,\r\n      \"playpauseonclick\": false,\r\n      \"playicon\": false,\r\n      \"ar\": 0.5625,\r\n      \"unmutebutton\": false,\r\n      \"unmuteButtonStyle\": 1,\r\n      \"unmutebuttonDisabled\": \"\",\r\n      \"h\": 1080,\r\n      \"w\": 1920,\r\n      \"mp4\": \"\/wp-content\/uploads\/2023\/09\/videobanner.mp4\",\r\n      \"filename\": \"videobanner.mp4\",\r\n      \"sizes\": null,\r\n      \"imgar\": 0,\r\n      \"mp4attid\": 150,\r\n      \"absolute_position\": false,\r\n      \"frameOverflow\": \"both\",\r\n      \"zIndex\": 0\r\n    },\r\n    {\r\n      \"type\": \"text\",\r\n      \"cont\": \"<h1 class=\\\"_Headline\\\">40 Jahre Erfahrung in der Druck-, Plakat- und Siebdruckbranche.<\/h1>\",\r\n      \"align\": \"onethird\",\r\n      \"row\": 1,\r\n      \"col\": 0,\r\n      \"colspan\": 8,\r\n      \"offsetx\": 0,\r\n      \"offsety\": 0,\r\n      \"spaceabove\": 0,\r\n      \"spacebelow\": 0,\r\n      \"yvel\": 1,\r\n      \"push\": 0,\r\n      \"relid\": 2,\r\n      \"absolute_position\": false,\r\n      \"frameOverflow\": \"\",\r\n      \"zIndex\": 1\r\n    },\r\n    {\r\n      \"type\": \"text\",\r\n      \"cont\": \"<h1 class=\\\"_Headline\\\">Digital Printing<\/h1>\",\r\n      \"align\": \"top\",\r\n      \"row\": 2,\r\n      \"col\": 0,\r\n      \"colspan\": 8,\r\n      \"offsetx\": 0,\r\n      \"offsety\": 0,\r\n      \"spaceabove\": 0,\r\n      \"spacebelow\": 0,\r\n      \"yvel\": 1,\r\n      \"push\": 0,\r\n      \"relid\": 10,\r\n      \"absolute_position\": false,\r\n      \"zIndex\": 1,\r\n      \"frameOverflow\": \"\"\r\n    },\r\n    {\r\n      \"type\": \"text\",\r\n      \"cont\": \"<p class=\\\"_Default\\\">Die hohe Druckqualit\u00e4t von Durst\u00ae garantiert, erm\u00f6glicht auf Materialien wie Forex, ideal f\u00fcr Inneninstallationen, Dibond, ideal f\u00fcr den Au\u00dfenbereich, Plexiglas, Glas und andere Materialien zu drucken.<\/p>\",\r\n      \"align\": \"top\",\r\n      \"row\": 3,\r\n      \"col\": 0,\r\n      \"colspan\": 9,\r\n      \"offsetx\": 0,\r\n      \"offsety\": 0,\r\n      \"spaceabove\": 0,\r\n      \"spacebelow\": 0,\r\n      \"yvel\": 1,\r\n      \"push\": 0,\r\n      \"relid\": 13,\r\n      \"absolute_position\": false,\r\n      \"frameOverflow\": \"\"\r\n    },\r\n    {\r\n      \"type\": \"text\",\r\n      \"cont\": \"<h1 class=\\\"_Headline\\\">Screen Printing<\/h1>\",\r\n      \"align\": \"top\",\r\n      \"row\": 4,\r\n      \"col\": 0,\r\n      \"colspan\": 8,\r\n      \"offsetx\": 0,\r\n      \"offsety\": 0,\r\n      \"spaceabove\": 0,\r\n      \"spacebelow\": 0,\r\n      \"yvel\": 1,\r\n      \"push\": 0,\r\n      \"relid\": 16,\r\n      \"absolute_position\": false,\r\n      \"zIndex\": 1,\r\n      \"frameOverflow\": \"\"\r\n    },\r\n    {\r\n      \"type\": \"text\",\r\n      \"cont\": \"<p class=\\\"_Default\\\">Die Siebdrucktechnik erm\u00f6glicht es, direkt auf jeder Art von flachem Material zu drucken: von Aufklebern in allen Formaten bis zu Tafeln aus Plastik-material, Holz, Stahl, Glas usw. Wir bieten au\u00dferdem einen Lackierservice mit partiellem UV, den \u00dcberdruck von entfernbaren Tinten (Rubbellose).<\/p>\",\r\n      \"align\": \"top\",\r\n      \"row\": 5,\r\n      \"col\": 0,\r\n      \"colspan\": 9,\r\n      \"offsetx\": 0,\r\n      \"offsety\": 0,\r\n      \"spaceabove\": 0,\r\n      \"spacebelow\": 0,\r\n      \"yvel\": 1,\r\n      \"push\": 0,\r\n      \"relid\": 17,\r\n      \"absolute_position\": false,\r\n      \"frameOverflow\": \"\"\r\n    },\r\n    {\r\n      \"type\": \"text\",\r\n      \"cont\": \"<h1 class=\\\"_Headline\\\">Shape &amp; Cut<\/h1>\",\r\n      \"align\": \"top\",\r\n      \"row\": 6,\r\n      \"col\": 0,\r\n      \"colspan\": 8,\r\n      \"offsetx\": 0,\r\n      \"offsety\": 0,\r\n      \"spaceabove\": 0,\r\n      \"spacebelow\": 0,\r\n      \"yvel\": 1,\r\n      \"push\": 0,\r\n      \"relid\": 20,\r\n      \"absolute_position\": false,\r\n      \"zIndex\": 1,\r\n      \"frameOverflow\": \"\"\r\n    },\r\n    {\r\n      \"type\": \"text\",\r\n      \"cont\": \"<p class=\\\"_Default\\\">Gestalten Sie Ihr Profil, um die Ausf\u00fchrung k\u00fcmmern wir uns. Wir liefern bedruckte und in Form geschnittene Materialien f\u00fcr jedes Bed\u00fcrfnis, dank bester Fr\u00e4sen und Schneidewerkzeuge. CNC-Formschnitt von festen und flexiblen Materialen wie Papier, Pappe, Forex\u00ae, Dibond\u00ae, Aluminium, Plexiglas\u00ae, Holz, Leder, Kapa-Mount\u00ae, Gatorfoam\u00ae, Schaumstoff, Gummi, Polystyrol, Polyethylen, Alveolar\\u0002Polypropylen. Hochpr\u00e4zise Schnitttechniken mit Tangentialmesser und oszillierendem Tangentialmesser, Stanzen, Falzen, Fr\u00e4sen, Gravieren, V-Schnitt mit Messer oder Fr\u00e4se.<\/p>\",\r\n      \"align\": \"top\",\r\n      \"row\": 7,\r\n      \"col\": 0,\r\n      \"colspan\": 9,\r\n      \"offsetx\": 0,\r\n      \"offsety\": 0,\r\n      \"spaceabove\": 0,\r\n      \"spacebelow\": 0,\r\n      \"yvel\": 1,\r\n      \"push\": 0,\r\n      \"relid\": 21,\r\n      \"absolute_position\": false\r\n    },\r\n    {\r\n      \"type\": \"text\",\r\n      \"cont\": \"<h1 class=\\\"_Headline\\\">Decoration<\/h1>\",\r\n      \"align\": \"top\",\r\n      \"row\": 8,\r\n      \"col\": 0,\r\n      \"colspan\": 8,\r\n      \"offsetx\": 0,\r\n      \"offsety\": 0,\r\n      \"spaceabove\": 0,\r\n      \"spacebelow\": 0,\r\n      \"yvel\": 1,\r\n      \"push\": 0,\r\n      \"relid\": 24,\r\n      \"absolute_position\": false,\r\n      \"zIndex\": 1,\r\n      \"frameOverflow\": \"\"\r\n    },\r\n    {\r\n      \"type\": \"text\",\r\n      \"cont\": \"<p class=\\\"_Default\\\">Sind Sie bereit, Ihre Marke in die Messe zu bringen? Oder \u00fcberlegen Sie noch, ob Sie Zeit und Energie in den Aufbau Ihres Standes investieren wollen? <br \/><br \/>Wir konzipieren, gestalten und bauen Messest\u00e4nde, Vitrinen und Ausstellungen auf und k\u00fcmmern uns um alle technischen und organisatorischen Aspekte. Unsere St\u00e4rke ist jedoch etwas, das allen unseren Kreationen zugrunde liegt. Es ist eine Denkweise, die immer \u00fcber vorgefertigte und standardisierte L\u00f6sungen hinausgehen will, um in jedem Detail die pr\u00e4zisen, einzigartigen und unwiederholbaren Bed\u00fcrfnisse jedes einzelnen Kunden zu erf\u00fcllen.<br \/><br \/>Unsere interne Produktion garantiert die Qualit\u00e4t und die P\u00fcnktlichkeit der Installation und stellt einen Bezugspunkt in den verschiedenen Phasen der Arbeit dar, vom Entwurf \u00fcber das Rendering bis hin zu den abschlie\u00dfenden Installationsprozessen, die die Installation, die Logistik und m\u00f6gliche Probleml\u00f6sungen umfassen.<\/p>\",\r\n      \"align\": \"top\",\r\n      \"row\": 9,\r\n      \"col\": 0,\r\n      \"colspan\": 9,\r\n      \"offsetx\": 0,\r\n      \"offsety\": 0,\r\n      \"spaceabove\": 0,\r\n      \"spacebelow\": 0,\r\n      \"yvel\": 1,\r\n      \"push\": 0,\r\n      \"relid\": 25,\r\n      \"absolute_position\": false\r\n    },\r\n    {\r\n      \"type\": \"img\",\r\n      \"cont\": \"\/wp-content\/uploads\/2023\/08\/IMG_20210329_134715.jpeg\",\r\n      \"align\": \"top\",\r\n      \"row\": 10,\r\n      \"col\": 0,\r\n      \"colspan\": 12,\r\n      \"offsetx\": 0,\r\n      \"offsety\": 0,\r\n      \"spaceabove\": 0,\r\n      \"spacebelow\": 0,\r\n      \"yvel\": 1,\r\n      \"push\": 0,\r\n      \"relid\": 6,\r\n      \"attid\": 89,\r\n      \"sizes\": {\r\n        \"full\": \"\/wp-content\/uploads\/2023\/08\/IMG_20210329_134715.jpeg\",\r\n        \"_3200\": \"\/wp-content\/uploads\/2023\/08\/IMG_20210329_134715-3200x1445.jpeg\",\r\n        \"_2560\": \"\/wp-content\/uploads\/2023\/08\/IMG_20210329_134715-2560x1156.jpeg\",\r\n        \"_1920\": \"\/wp-content\/uploads\/2023\/08\/IMG_20210329_134715-1920x867.jpeg\",\r\n        \"_1280\": \"\/wp-content\/uploads\/2023\/08\/IMG_20210329_134715-1280x578.jpeg\",\r\n        \"_1024\": \"\/wp-content\/uploads\/2023\/08\/IMG_20210329_134715-1024x462.jpeg\",\r\n        \"_768\": \"\/wp-content\/uploads\/2023\/08\/IMG_20210329_134715-768x347.jpeg\",\r\n        \"_512\": \"\/wp-content\/uploads\/2023\/08\/IMG_20210329_134715-512x231.jpeg\",\r\n        \"_265\": \"\/wp-content\/uploads\/2023\/08\/IMG_20210329_134715-265x120.jpeg\"\r\n      },\r\n      \"w\": 3274,\r\n      \"h\": 1478,\r\n      \"ar\": 0.451435552840562,\r\n      \"alt\": \"\",\r\n      \"absolute_position\": false,\r\n      \"frameOverflow\": \"both\"\r\n    },\r\n    {\r\n      \"type\": \"text\",\r\n      \"cont\": \"<h1 class=\\\"_Headline\\\">Fordern Sie Ihr Angebot an oder kontaktieren Sie unser Sekretariat<\/h1>\",\r\n      \"align\": \"top\",\r\n      \"row\": 11,\r\n      \"col\": 0,\r\n      \"colspan\": 8,\r\n      \"offsetx\": 0,\r\n      \"offsety\": 0,\r\n      \"spaceabove\": 0,\r\n      \"spacebelow\": 0,\r\n      \"yvel\": 1,\r\n      \"push\": 0,\r\n      \"relid\": 26,\r\n      \"absolute_position\": false,\r\n      \"zIndex\": 1,\r\n      \"frameOverflow\": \"\"\r\n    },\r\n    {\r\n      \"type\": \"shortcode\",\r\n      \"cont\": \"[ninja_form id=2]\",\r\n      \"align\": \"top\",\r\n      \"row\": 12,\r\n      \"col\": 0,\r\n      \"colspan\": 5,\r\n      \"offsetx\": 0,\r\n      \"offsety\": 0,\r\n      \"spaceabove\": 0,\r\n      \"spacebelow\": 0,\r\n      \"yvel\": 1,\r\n      \"push\": 0,\r\n      \"relid\": 41,\r\n      \"shortcodeid\": 1692177558169,\r\n      \"absolute_position\": false,\r\n      \"frameOverflow\": \"\"\r\n    }\r\n  ]\r\n}","phonegrid":"{\r\n  \"colCount\": 12,\r\n  \"colGutter\": 1,\r\n  \"rowGutters\": [\r\n    \"8\",\r\n    \"8\",\r\n    \"2\",\r\n    \"8\",\r\n    \"2\",\r\n    \"8\",\r\n    \"2\",\r\n    \"8\",\r\n    \"2\",\r\n    \"8\",\r\n    5,\r\n    5\r\n  ],\r\n  \"frameMargin\": 5,\r\n  \"topFrameMargin\": 5,\r\n  \"rightFrameMargin\": 5,\r\n  \"bottomFrameMargin\": 5,\r\n  \"leftFrameMargin\": 5,\r\n  \"mus\": {\r\n    \"colGutterMu\": \"%\",\r\n    \"rowGutterMu\": \"%\",\r\n    \"topFrameMu\": \"%\",\r\n    \"bottomFrameMu\": \"%\",\r\n    \"frameMu\": \"%\"\r\n  },\r\n  \"rowAttrs\": [\r\n    {\r\n      \"relid\": 27\r\n    },\r\n    {\r\n      \"relid\": 28\r\n    },\r\n    {\r\n      \"relid\": 29\r\n    },\r\n    {\r\n      \"relid\": 30\r\n    },\r\n    {\r\n      \"relid\": 31\r\n    },\r\n    {\r\n      \"relid\": 32\r\n    },\r\n    {\r\n      \"relid\": 33\r\n    },\r\n    {\r\n      \"relid\": 34\r\n    },\r\n    {\r\n      \"relid\": 35\r\n    },\r\n    {\r\n      \"relid\": 36\r\n    },\r\n    {\r\n      \"relid\": 40\r\n    },\r\n    {\r\n      \"relid\": 38\r\n    },\r\n    {\r\n      \"relid\": 39\r\n    }\r\n  ],\r\n  \"bgColor\": null,\r\n  \"bgImage\": null,\r\n  \"cont\": [\r\n    {\r\n      \"type\": \"html5video\",\r\n      \"cont\": null,\r\n      \"align\": \"bottom\",\r\n      \"row\": 0,\r\n      \"col\": 0,\r\n      \"colspan\": 12,\r\n      \"offsetx\": 0,\r\n      \"offsety\": 0,\r\n      \"spaceabove\": 0,\r\n      \"spacebelow\": 0,\r\n      \"yvel\": 1,\r\n      \"push\": 0,\r\n      \"relid\": 4,\r\n      \"autoplay\": true,\r\n      \"loop\": true,\r\n      \"mute\": true,\r\n      \"muteDisabled\": \"disabled\",\r\n      \"controls\": false,\r\n      \"playpauseonclick\": false,\r\n      \"playicon\": false,\r\n      \"ar\": 0.5625,\r\n      \"unmutebutton\": false,\r\n      \"unmuteButtonStyle\": 1,\r\n      \"unmutebuttonDisabled\": \"\",\r\n      \"h\": 1080,\r\n      \"w\": 1920,\r\n      \"mp4\": \"\/wp-content\/uploads\/2023\/09\/videobanner.mp4\",\r\n      \"filename\": \"videobanner.mp4\",\r\n      \"sizes\": null,\r\n      \"imgar\": 0,\r\n      \"mp4attid\": 150,\r\n      \"absolute_position\": false,\r\n      \"zIndex\": 0,\r\n      \"frameOverflow\": \"both\"\r\n    },\r\n    {\r\n      \"type\": \"text\",\r\n      \"cont\": \"<h1 class=\\\"_Headline\\\">40 Jahre Erfahrung in der Druck-, Plakat- und Siebdruckbranche.<\/h1>\",\r\n      \"align\": \"bottom\",\r\n      \"row\": 1,\r\n      \"col\": 0,\r\n      \"colspan\": 12,\r\n      \"offsetx\": 0,\r\n      \"offsety\": 0,\r\n      \"spaceabove\": 0,\r\n      \"spacebelow\": 0,\r\n      \"yvel\": 1,\r\n      \"push\": 0,\r\n      \"relid\": 2,\r\n      \"absolute_position\": false,\r\n      \"zIndex\": 1,\r\n      \"frameOverflow\": \"\"\r\n    },\r\n    {\r\n      \"type\": \"text\",\r\n      \"cont\": \"<h1 class=\\\"_Headline\\\">Digital Printing<\/h1>\",\r\n      \"align\": \"bottom\",\r\n      \"row\": 2,\r\n      \"col\": 0,\r\n      \"colspan\": 12,\r\n      \"offsetx\": 0,\r\n      \"offsety\": 0,\r\n      \"spaceabove\": 0,\r\n      \"spacebelow\": 0,\r\n      \"yvel\": 1,\r\n      \"push\": 0,\r\n      \"relid\": 10,\r\n      \"absolute_position\": false,\r\n      \"zIndex\": 1\r\n    },\r\n    {\r\n      \"type\": \"text\",\r\n      \"cont\": \"<p class=\\\"_Default\\\">Die hohe Druckqualit\u00e4t von Durst\u00ae garantiert, erm\u00f6glicht auf Materialien wie Forex, ideal f\u00fcr Inneninstallationen, Dibond, ideal f\u00fcr den Au\u00dfenbereich, Plexiglas, Glas und andere Materialien zu drucken.<\/p>\",\r\n      \"align\": \"bottom\",\r\n      \"row\": 3,\r\n      \"col\": 0,\r\n      \"colspan\": 12,\r\n      \"offsetx\": 0,\r\n      \"offsety\": 0,\r\n      \"spaceabove\": 0,\r\n      \"spacebelow\": 0,\r\n      \"yvel\": 1,\r\n      \"push\": 0,\r\n      \"relid\": 13,\r\n      \"absolute_position\": false,\r\n      \"frameOverflow\": \"\"\r\n    },\r\n    {\r\n      \"type\": \"text\",\r\n      \"cont\": \"<h1 class=\\\"_Headline\\\">Screen Printing<\/h1>\",\r\n      \"align\": \"bottom\",\r\n      \"row\": 4,\r\n      \"col\": 0,\r\n      \"colspan\": 12,\r\n      \"offsetx\": 0,\r\n      \"offsety\": 0,\r\n      \"spaceabove\": 0,\r\n      \"spacebelow\": 0,\r\n      \"yvel\": 1,\r\n      \"push\": 0,\r\n      \"relid\": 16,\r\n      \"absolute_position\": false,\r\n      \"zIndex\": 1\r\n    },\r\n    {\r\n      \"type\": \"text\",\r\n      \"cont\": \"<p class=\\\"_Default\\\">Die Siebdrucktechnik erm\u00f6glicht es, direkt auf jeder Art von flachem Material zu drucken: von Aufklebern in allen Formaten bis zu Tafeln aus Plastik-material, Holz, Stahl, Glas usw. Wir bieten au\u00dferdem einen Lackierservice mit partiellem UV, den \u00dcberdruck von entfernbaren Tinten (Rubbellose).<\/p>\",\r\n      \"align\": \"bottom\",\r\n      \"row\": 5,\r\n      \"col\": 0,\r\n      \"colspan\": 12,\r\n      \"offsetx\": 0,\r\n      \"offsety\": 0,\r\n      \"spaceabove\": 0,\r\n      \"spacebelow\": 0,\r\n      \"yvel\": 1,\r\n      \"push\": 0,\r\n      \"relid\": 17,\r\n      \"absolute_position\": false,\r\n      \"frameOverflow\": \"\"\r\n    },\r\n    {\r\n      \"type\": \"text\",\r\n      \"cont\": \"<h1 class=\\\"_Headline\\\">Shape &amp; Cut<\/h1>\",\r\n      \"align\": \"bottom\",\r\n      \"row\": 6,\r\n      \"col\": 0,\r\n      \"colspan\": 12,\r\n      \"offsetx\": 0,\r\n      \"offsety\": 0,\r\n      \"spaceabove\": 0,\r\n      \"spacebelow\": 0,\r\n      \"yvel\": 1,\r\n      \"push\": 0,\r\n      \"relid\": 20,\r\n      \"absolute_position\": false,\r\n      \"zIndex\": 1\r\n    },\r\n    {\r\n      \"type\": \"text\",\r\n      \"cont\": \"<p class=\\\"_Default\\\">Gestalten Sie Ihr Profil, um die Ausf\u00fchrung k\u00fcmmern wir uns. Wir liefern bedruckte und in Form geschnittene Materialien f\u00fcr jedes Bed\u00fcrfnis, dank bester Fr\u00e4sen und Schneidewerkzeuge. CNC-Formschnitt von festen und flexiblen Materialen wie Papier, Pappe, Forex\u00ae, Dibond\u00ae, Aluminium, Plexiglas\u00ae, Holz, Leder, Kapa-Mount\u00ae, Gatorfoam\u00ae, Schaumstoff, Gummi, Polystyrol, Polyethylen, Alveolar\\u0002Polypropylen. Hochpr\u00e4zise Schnitttechniken mit Tangentialmesser und oszillierendem Tangentialmesser, Stanzen, Falzen, Fr\u00e4sen, Gravieren, V-Schnitt mit Messer oder Fr\u00e4se.<\/p>\",\r\n      \"align\": \"bottom\",\r\n      \"row\": 7,\r\n      \"col\": 0,\r\n      \"colspan\": 12,\r\n      \"offsetx\": 0,\r\n      \"offsety\": 0,\r\n      \"spaceabove\": 0,\r\n      \"spacebelow\": 0,\r\n      \"yvel\": 1,\r\n      \"push\": 0,\r\n      \"relid\": 21,\r\n      \"absolute_position\": false\r\n    },\r\n    {\r\n      \"type\": \"text\",\r\n      \"cont\": \"<h1 class=\\\"_Headline\\\">Decoration<\/h1>\",\r\n      \"align\": \"bottom\",\r\n      \"row\": 8,\r\n      \"col\": 0,\r\n      \"colspan\": 12,\r\n      \"offsetx\": 0,\r\n      \"offsety\": 0,\r\n      \"spaceabove\": 0,\r\n      \"spacebelow\": 0,\r\n      \"yvel\": 1,\r\n      \"push\": 0,\r\n      \"relid\": 24,\r\n      \"absolute_position\": false,\r\n      \"zIndex\": 1\r\n    },\r\n    {\r\n      \"type\": \"text\",\r\n      \"cont\": \"<p class=\\\"_Default\\\">Sind Sie bereit, Ihre Marke in die Messe zu bringen? Oder \u00fcberlegen Sie noch, ob Sie Zeit und Energie in den Aufbau Ihres Standes investieren wollen? <br \/><br \/>Wir konzipieren, gestalten und bauen Messest\u00e4nde, Vitrinen und Ausstellungen auf und k\u00fcmmern uns um alle technischen und organisatorischen Aspekte. Unsere St\u00e4rke ist jedoch etwas, das allen unseren Kreationen zugrunde liegt. Es ist eine Denkweise, die immer \u00fcber vorgefertigte und standardisierte L\u00f6sungen hinausgehen will, um in jedem Detail die pr\u00e4zisen, einzigartigen und unwiederholbaren Bed\u00fcrfnisse jedes einzelnen Kunden zu erf\u00fcllen.<br \/><br \/>Unsere interne Produktion garantiert die Qualit\u00e4t und die P\u00fcnktlichkeit der Installation und stellt einen Bezugspunkt in den verschiedenen Phasen der Arbeit dar, vom Entwurf \u00fcber das Rendering bis hin zu den abschlie\u00dfenden Installationsprozessen, die die Installation, die Logistik und m\u00f6gliche Probleml\u00f6sungen umfassen.<\/p>\",\r\n      \"align\": \"bottom\",\r\n      \"row\": 9,\r\n      \"col\": 0,\r\n      \"colspan\": 12,\r\n      \"offsetx\": 0,\r\n      \"offsety\": 0,\r\n      \"spaceabove\": 0,\r\n      \"spacebelow\": 0,\r\n      \"yvel\": 1,\r\n      \"push\": 0,\r\n      \"relid\": 25,\r\n      \"absolute_position\": false\r\n    },\r\n    {\r\n      \"type\": \"img\",\r\n      \"cont\": \"\/wp-content\/uploads\/2023\/08\/IMG_20210329_134715.jpeg\",\r\n      \"align\": \"top\",\r\n      \"row\": 10,\r\n      \"col\": 0,\r\n      \"colspan\": 12,\r\n      \"offsetx\": 0,\r\n      \"offsety\": 0,\r\n      \"spaceabove\": 0,\r\n      \"spacebelow\": 0,\r\n      \"yvel\": 1,\r\n      \"push\": 0,\r\n      \"relid\": 6,\r\n      \"attid\": 89,\r\n      \"sizes\": {\r\n        \"full\": \"\/wp-content\/uploads\/2023\/08\/IMG_20210329_134715.jpeg\",\r\n        \"_3200\": \"\/wp-content\/uploads\/2023\/08\/IMG_20210329_134715-3200x1445.jpeg\",\r\n        \"_2560\": \"\/wp-content\/uploads\/2023\/08\/IMG_20210329_134715-2560x1156.jpeg\",\r\n        \"_1920\": \"\/wp-content\/uploads\/2023\/08\/IMG_20210329_134715-1920x867.jpeg\",\r\n        \"_1280\": \"\/wp-content\/uploads\/2023\/08\/IMG_20210329_134715-1280x578.jpeg\",\r\n        \"_1024\": \"\/wp-content\/uploads\/2023\/08\/IMG_20210329_134715-1024x462.jpeg\",\r\n        \"_768\": \"\/wp-content\/uploads\/2023\/08\/IMG_20210329_134715-768x347.jpeg\",\r\n        \"_512\": \"\/wp-content\/uploads\/2023\/08\/IMG_20210329_134715-512x231.jpeg\",\r\n        \"_265\": \"\/wp-content\/uploads\/2023\/08\/IMG_20210329_134715-265x120.jpeg\"\r\n      },\r\n      \"w\": 3274,\r\n      \"h\": 1478,\r\n      \"ar\": 0.451435552840562,\r\n      \"alt\": \"\",\r\n      \"absolute_position\": false,\r\n      \"frameOverflow\": \"both\"\r\n    },\r\n    {\r\n      \"type\": \"text\",\r\n      \"cont\": \"<h1 class=\\\"_Headline\\\">Fordern Sie Ihr Angebot an oder kontaktieren Sie unser Sekretariat<\/h1>\",\r\n      \"align\": \"bottom\",\r\n      \"row\": 11,\r\n      \"col\": 0,\r\n      \"colspan\": 12,\r\n      \"offsetx\": 0,\r\n      \"offsety\": 0,\r\n      \"spaceabove\": 0,\r\n      \"spacebelow\": 0,\r\n      \"yvel\": 1,\r\n      \"push\": 0,\r\n      \"relid\": 26,\r\n      \"absolute_position\": false,\r\n      \"zIndex\": 1,\r\n      \"frameOverflow\": \"\"\r\n    },\r\n    {\r\n      \"type\": \"shortcode\",\r\n      \"cont\": \"[ninja_form id=2]\",\r\n      \"align\": \"top\",\r\n      \"row\": 12,\r\n      \"col\": 0,\r\n      \"colspan\": 12,\r\n      \"offsetx\": 0,\r\n      \"offsety\": 0,\r\n      \"spaceabove\": 0,\r\n      \"spacebelow\": 0,\r\n      \"yvel\": 1,\r\n      \"push\": 0,\r\n      \"relid\": 41,\r\n      \"shortcodeid\": 1692177558169,\r\n      \"absolute_position\": false,\r\n      \"frameOverflow\": \"\"\r\n    }\r\n  ]\r\n}","_links":{"self":[{"href":"https:\/\/www.silkapple.it\/de\/wp-json\/wp\/v2\/pages\/10","targetHints":{"allow":["GET"]}}],"collection":[{"href":"https:\/\/www.silkapple.it\/de\/wp-json\/wp\/v2\/pages"}],"about":[{"href":"https:\/\/www.silkapple.it\/de\/wp-json\/wp\/v2\/types\/page"}],"author":[{"embeddable":true,"href":"https:\/\/www.silkapple.it\/de\/wp-json\/wp\/v2\/users\/1"}],"replies":[{"embeddable":true,"href":"https:\/\/www.silkapple.it\/de\/wp-json\/wp\/v2\/comments?post=10"}],"version-history":[{"count":0,"href":"https:\/\/www.silkapple.it\/de\/wp-json\/wp\/v2\/pages\/10\/revisions"}],"wp:attachment":[{"href":"https:\/\/www.silkapple.it\/de\/wp-json\/wp\/v2\/media?parent=10"}],"curies":[{"name":"wp","href":"https:\/\/api.w.org\/{rel}","templated":true}]}}