{"id":23,"date":"2023-07-26T12:01:40","date_gmt":"2023-07-26T10:01:40","guid":{"rendered":"https:\/\/www.silkapple.it\/?page_id=23"},"modified":"2023-08-10T07:58:40","modified_gmt":"2023-08-10T05:58:40","slug":"contatti","status":"publish","type":"page","link":"https:\/\/www.silkapple.it\/de\/contatti\/","title":{"rendered":"Contatti"},"content":{"rendered":"","protected":false},"excerpt":{"rendered":"","protected":false},"author":1,"featured_media":0,"parent":0,"menu_order":7,"comment_status":"closed","ping_status":"closed","template":"","meta":[],"class_list":["post-23","page","type-page","status-publish","hentry"],"grid":"{\r\n  \"colCount\": 12,\r\n  \"colGutter\": 1,\r\n  \"rowGutters\": [\r\n    2,\r\n    2,\r\n    \"2\"\r\n  ],\r\n  \"frameMargin\": 5,\r\n  \"leftFrameMargin\": 5,\r\n  \"rightFrameMargin\": 5,\r\n  \"topFrameMargin\": 40,\r\n  \"mus\": {\r\n    \"colGutterMu\": \"%\",\r\n    \"rowGutterMu\": \"%\",\r\n    \"topFrameMu\": \"px\",\r\n    \"bottomFrameMu\": \"%\",\r\n    \"frameMu\": \"%\"\r\n  },\r\n  \"bottomFrameMargin\": 5,\r\n  \"rowAttrs\": [\r\n    {\r\n      \"relid\": 1\r\n    },\r\n    {\r\n      \"relid\": 3\r\n    },\r\n    {\r\n      \"relid\": 5\r\n    },\r\n    {\r\n      \"relid\": 9\r\n    }\r\n  ],\r\n  \"bgColor\": null,\r\n  \"bgImage\": null,\r\n  \"cont\": [\r\n    {\r\n      \"type\": \"text\",\r\n      \"cont\": \"<h1 class=\\\"_Headline\\\">Silk Apple snc<br \/>Via D\u00fcrer, 23 <br \/>39100 Bolzano<\/h1>\",\r\n      \"align\": \"top\",\r\n      \"row\": 0,\r\n      \"col\": 0,\r\n      \"colspan\": 6,\r\n      \"offsetx\": 0,\r\n      \"offsety\": 0,\r\n      \"spaceabove\": 5,\r\n      \"spacebelow\": 0,\r\n      \"yvel\": 1,\r\n      \"push\": 0,\r\n      \"relid\": 2,\r\n      \"absolute_position\": false,\r\n      \"frameOverflow\": \"\"\r\n    },\r\n    {\r\n      \"type\": \"html\",\r\n      \"cont\": \"<iframe src=\\\"https:\/\/www.google.com\/maps\/embed?pb=!1m18!1m12!1m3!1d2748.0262363855136!2d11.331569009675388!3d46.467988298008684!2m3!1f0!2f0!3f0!3m2!1i1024!2i768!4f13.1!3m3!1m2!1s0x47829db2ccd1a063%3A0xa920140cb31798c2!2sSilk%20Apple%20Serigraph%20Snc!5e0!3m2!1sit!2sit!4v1691069161694!5m2!1sit!2sit\\\" width=\\\"100%\\\" height=\\\"600px%\\\" style=\\\"border:0;\\\" allowfullscreen=\\\"\\\" loading=\\\"lazy\\\" referrerpolicy=\\\"no-referrer-when-downgrade\\\"><\/iframe>\",\r\n      \"align\": \"onethird\",\r\n      \"row\": 1,\r\n      \"col\": 0,\r\n      \"colspan\": 8,\r\n      \"offsetx\": 0,\r\n      \"offsety\": 0,\r\n      \"spaceabove\": 0,\r\n      \"spacebelow\": 0,\r\n      \"yvel\": 1,\r\n      \"push\": 0,\r\n      \"relid\": 4,\r\n      \"panelPosition\": {\r\n        \"width\": 1384.2,\r\n        \"height\": 852.3000000000001,\r\n        \"left\": \"76.89999999999998px\",\r\n        \"top\": \"47.349999999999966px\",\r\n        \"transform\": \"none\"\r\n      },\r\n      \"panelBodyHeight\": {\r\n        \"height\": \"716.3000000000001px\"\r\n      },\r\n      \"absolute_position\": false,\r\n      \"frameOverflow\": \"\"\r\n    },\r\n    {\r\n      \"type\": \"text\",\r\n      \"cont\": \"<p>Die Qualit\u00e4t unserer Kunden, Zuverl\u00e4ssigkeit, maximalen Service gepaart mit Komfort zu bieten, war schon immer die Philosophie von Silk Apple Serigraph S.n.c. Und vor diesem Hintergrund haben wir immer versucht, die vielf\u00e4ltigen, selbst die komplexesten Bed\u00fcrfnisse derjenigen zu erf\u00fcllen, die sich f\u00fcr die Erstellung ihrer Werke an uns wenden, indem wir im Laufe der Jahre traditionelle Methoden mit den neuesten Technologien f\u00fcr neue Druckm\u00f6glichkeiten kombiniert haben.<\/p>\",\r\n      \"align\": \"top\",\r\n      \"row\": 2,\r\n      \"col\": 0,\r\n      \"colspan\": 8,\r\n      \"offsetx\": 0,\r\n      \"offsety\": 0,\r\n      \"spaceabove\": 0,\r\n      \"spacebelow\": 0,\r\n      \"yvel\": 1,\r\n      \"push\": 0,\r\n      \"relid\": 6,\r\n      \"absolute_position\": false\r\n    },\r\n    {\r\n      \"type\": \"shortcode\",\r\n      \"cont\": \"[ninja_form id=2]\",\r\n      \"align\": \"top\",\r\n      \"row\": 3,\r\n      \"col\": 0,\r\n      \"colspan\": 8,\r\n      \"offsetx\": 0,\r\n      \"offsety\": 0,\r\n      \"spaceabove\": \"3\",\r\n      \"spacebelow\": 0,\r\n      \"yvel\": 1,\r\n      \"push\": 0,\r\n      \"relid\": 10,\r\n      \"shortcodeid\": 1691073014094,\r\n      \"absolute_position\": false\r\n    }\r\n  ]\r\n}","phonegrid":"","_links":{"self":[{"href":"https:\/\/www.silkapple.it\/de\/wp-json\/wp\/v2\/pages\/23","targetHints":{"allow":["GET"]}}],"collection":[{"href":"https:\/\/www.silkapple.it\/de\/wp-json\/wp\/v2\/pages"}],"about":[{"href":"https:\/\/www.silkapple.it\/de\/wp-json\/wp\/v2\/types\/page"}],"author":[{"embeddable":true,"href":"https:\/\/www.silkapple.it\/de\/wp-json\/wp\/v2\/users\/1"}],"replies":[{"embeddable":true,"href":"https:\/\/www.silkapple.it\/de\/wp-json\/wp\/v2\/comments?post=23"}],"version-history":[{"count":0,"href":"https:\/\/www.silkapple.it\/de\/wp-json\/wp\/v2\/pages\/23\/revisions"}],"wp:attachment":[{"href":"https:\/\/www.silkapple.it\/de\/wp-json\/wp\/v2\/media?parent=23"}],"curies":[{"name":"wp","href":"https:\/\/api.w.org\/{rel}","templated":true}]}}